{"id":11,"date":"2011-03-04T13:58:57","date_gmt":"2011-03-04T13:58:57","guid":{"rendered":"http:\/\/cegeca.zeus.umh.es\/?page_id=11"},"modified":"2022-06-03T09:17:15","modified_gmt":"2022-06-03T07:17:15","slug":"presentacion","status":"publish","type":"page","link":"https:\/\/cegeca.umh.es\/ca\/presentacion\/","title":{"rendered":"Presentaci\u00f3"},"content":{"rendered":"<p><\/p>\n<p><p><em><img title=\"Presentacion\" src=\"https:\/\/cegeca.umh.es\/files\/2011\/03\/Presentacion.jpg\" alt=\"\" width=\"100%\" \/><\/em>\u00a0<\/p>\n<p><em>L&#8217;estructura de la Universitat Miguel Hern\u00e1ndez d&#8217;Elx compta amb quatre centres de gesti\u00f3 de Campus, creats per acord de la Comissi\u00f3 Gestora de la Universitat el 19 de gener de 1998 i integrats en els serveis centrals de la Universitat, com una de les Unitats en qu\u00e8 s&#8217;estructura la Ger\u00e8ncia, mantenint com a principi de funcionament la descentralitzaci\u00f3 administrativa i com a objectius els de autonomia de gesti\u00f3 en el Campus, especialitzaci\u00f3, coordinaci\u00f3 operativa i resposta pr\u00f2xima als usuaris dels serveis de la Universitat, amb la fi \u00faltima d&#8217;aconseguir major agilitat, flexibilitat i efic\u00e0cia en la gesti\u00f3.<\/em>\u00a0<\/p>\n<p><em>\u00a0<\/em>\u00a0<\/p>\n<p><em>Els diferents Centres de Gesti\u00f3 de Campus que componen la Universitat Miguel Hern\u00e1ndez d&#8217;Elx s&#8217;han esfor\u00e7at, des dels seus or\u00edgens, per integrar i constituir equips de treball eficients i efica\u00e7os en l&#8217;acompliment de les seues compet\u00e8ncies, enfortint la figura (instituci\u00f3) de la Universitat i posicionant-la com a nexe acad\u00e8mic i administratiu entre l&#8217;alumnat. <\/em>\u00a0<\/p>\n<p><em><\/p>\n<p>La missi\u00f3 dels Centres de Gesti\u00f3 \u00e9s coordinar tots aquells serveis, tant de car\u00e0cter intern com a extern, que s\u00f3n necessaris per al correcte i adequat funcionament de les activitats administratives del Campus, relacionades amb la doc\u00e8ncia, la investigaci\u00f3 i els serveis generals de la Universitat. Aix\u00ed com, informar als estudiants i difondre l&#8217;oferta acad\u00e8mica dels diferents estudis que s&#8217;imparteixen en la Universitat.<\/em>\u00a0<\/p>\n<p><em>\u00a0<\/em>\u00a0<\/p>\n<p><em><a href=\"http:\/\/www.umh.es\/localizacion\/geoUMH_es.html\" target=\"_blank\" rel=\"noopener noreferrer\"><img loading=\"lazy\" class=\"alignleft\" title=\"Presentacion2\" src=\"https:\/\/cegeca.umh.es\/files\/2011\/03\/Presentacion2.jpg\" alt=\"\" width=\"283\" height=\"284\" \/><\/a>\u00a0<\/em><em>Les funcions que exercim els Centres de Gesti\u00f3 de Campus, entre unes altres, s\u00f3n:<\/em>\u00a0<\/p>\n<ul>\n<li><em>Realitzar les gestions economicoadministratives relacionades amb Departaments, Instituts, Centres i Serveis en cada Campus.<\/em><\/li>\n<li><em>Realitzar la gesti\u00f3 d&#8217;estudiants de les diferents facultats o escoles del Campus.<\/em><\/li>\n<li><em>Col\u00b7laborar en la gesti\u00f3 en mat\u00e8ria d&#8217;Alumnat i Assumptes Generals.<\/em><\/li>\n<li><em>Actuar com a registre auxiliar de documents, inst\u00e0ncies. del Registre general de la Universitat.<\/em><\/li>\n<li><em>Participar en la gesti\u00f3 dels Recursos Humans.<\/em><\/li>\n<li><em>Supervisar el compliment de les contractes de serveis en els campus.\n<p>dels diferents estudis que s&#8217;imparteixen en la Universitat.<\/em><\/li>\n<\/ul>\n<p><\/p>","protected":false},"excerpt":{"rendered":"<p>\u00a0<br \/>\nL&#8217;estructura de la Universitat Miguel Hern\u00e1ndez d&#8217;Elx compta amb quatre centres de gesti\u00f3 de Campus, creats per acord de la Comissi\u00f3 Gestora de la Universitat el 19 de gener de 1998 i integrats en els serveis centrals de la Universitat, com una de les Unitats en qu\u00e8 s&#8217;estructura la Ger\u00e8ncia, mantenint com a principi de [&#8230;]<\/p>\n","protected":false},"author":3,"featured_media":0,"parent":0,"menu_order":0,"comment_status":"closed","ping_status":"closed","template":"","meta":{"ngg_post_thumbnail":0,"_links_to":"","_links_to_target":""},"_links":{"self":[{"href":"https:\/\/cegeca.umh.es\/ca\/wp-json\/wp\/v2\/pages\/11"}],"collection":[{"href":"https:\/\/cegeca.umh.es\/ca\/wp-json\/wp\/v2\/pages"}],"about":[{"href":"https:\/\/cegeca.umh.es\/ca\/wp-json\/wp\/v2\/types\/page"}],"author":[{"embeddable":true,"href":"https:\/\/cegeca.umh.es\/ca\/wp-json\/wp\/v2\/users\/3"}],"replies":[{"embeddable":true,"href":"https:\/\/cegeca.umh.es\/ca\/wp-json\/wp\/v2\/comments?post=11"}],"version-history":[{"count":0,"href":"https:\/\/cegeca.umh.es\/ca\/wp-json\/wp\/v2\/pages\/11\/revisions"}],"wp:attachment":[{"href":"https:\/\/cegeca.umh.es\/ca\/wp-json\/wp\/v2\/media?parent=11"}],"curies":[{"name":"wp","href":"https:\/\/api.w.org\/{rel}","templated":true}]}}