{"id":3419,"date":"2024-12-05T09:05:59","date_gmt":"2024-12-05T08:05:59","guid":{"rendered":"https:\/\/cegeca.umh.es\/?page_id=3419"},"modified":"2026-03-26T10:15:44","modified_gmt":"2026-03-26T09:15:44","slug":"horario-cgc-altea","status":"publish","type":"page","link":"https:\/\/cegeca.umh.es\/ca\/cgc-altea\/horario-cgc-altea\/","title":{"rendered":"Horari CGC Altea"},"content":{"rendered":"<p><\/p>\n<h3><span dir=\"auto\" style=\"vertical-align: inherit\"><span dir=\"auto\" style=\"vertical-align: inherit\">HORARI ESPECIAL SETMANA SANTA<\/span><\/span><\/h3>\n<ul>\n<li style=\"text-align: left\"><span dir=\"auto\" style=\"vertical-align: inherit\"><span dir=\"auto\" style=\"vertical-align: inherit\">El 31 de mar\u00e7 i el 2 d&#8217;abril <\/span><\/span><span style=\"color: #000000\"><strong><span dir=\"auto\" style=\"vertical-align: inherit\"><span dir=\"auto\" style=\"vertical-align: inherit\">NO hi haur\u00e0 atenci\u00f3 al p\u00fablic a HORARI DE TARDA.<\/span><\/span><\/strong><\/span><\/li>\n<li style=\"text-align: left\"><span dir=\"auto\" style=\"vertical-align: inherit\"><span dir=\"auto\" style=\"vertical-align: inherit\">Del 3 al 12 d&#8217;abril <\/span><\/span><span style=\"color: #ff0000\"><strong><span dir=\"auto\" style=\"vertical-align: inherit\"><span dir=\"auto\" style=\"vertical-align: inherit\">TANCATS<\/span><\/span><\/strong><\/span><\/li>\n<\/ul>\n<h4 style=\"text-align: left\">&nbsp;<\/h4>\n<h3><span dir=\"auto\" style=\"vertical-align: inherit\"><span dir=\"auto\" style=\"vertical-align: inherit\">HORARI D&#8217;ATENCI\u00d3 AL P\u00daBLIC&nbsp;<\/span><\/span><\/h3>\n<h5><strong><span dir=\"auto\" style=\"vertical-align: inherit\"><span dir=\"auto\" style=\"vertical-align: inherit\">Atenci\u00f3 presencial<\/span><\/span><\/strong><\/h5>\n<p style=\"padding-left: 40px\"><span style=\"text-decoration: underline\"><span dir=\"auto\" style=\"vertical-align: inherit\"><span dir=\"auto\" style=\"vertical-align: inherit\">Dilluns a divendres<\/span><\/span><\/span><span dir=\"auto\" style=\"vertical-align: inherit\"><span dir=\"auto\" style=\"vertical-align: inherit\"> 9:00-14:00h (Excepte festius i per\u00edodes de vacances).<\/span><\/span><\/p>\n<h5><strong><span dir=\"auto\" style=\"vertical-align: inherit\"><span dir=\"auto\" style=\"vertical-align: inherit\">Atenci\u00f3 telef\u00f2nica i telem\u00e0tica<\/span><\/span><\/strong><\/h5>\n<p style=\"padding-left: 40px\"><span style=\"text-decoration: underline\"><span dir=\"auto\" style=\"vertical-align: inherit\"><span dir=\"auto\" style=\"vertical-align: inherit\">Dimarts i dijous<\/span><\/span><\/span><span dir=\"auto\" style=\"vertical-align: inherit\"><span dir=\"auto\" style=\"vertical-align: inherit\"> 15:30-17:30h (No disponible de juny a setembre)<\/span><\/span><\/p>\n<h5><strong><span dir=\"auto\" style=\"vertical-align: inherit\"><span dir=\"auto\" style=\"vertical-align: inherit\">Contacte<\/span><\/span><\/strong><\/h5>\n<p style=\"padding-left: 40px\"><span style=\"text-decoration: underline\"><span dir=\"auto\" style=\"vertical-align: inherit\"><span dir=\"auto\" style=\"vertical-align: inherit\">Dimarts<\/span><\/span><\/span><span dir=\"auto\" style=\"vertical-align: inherit\"><span dir=\"auto\" style=\"vertical-align: inherit\"> : 966859123-966859131-966859112 <\/span><\/span><br \/>\n<span style=\"text-decoration: underline\"><span dir=\"auto\" style=\"vertical-align: inherit\"><span dir=\"auto\" style=\"vertical-align: inherit\">Dijous<\/span><\/span><\/span><span dir=\"auto\" style=\"vertical-align: inherit\"><span dir=\"auto\" style=\"vertical-align: inherit\"> : 966859109<\/span><\/span><\/p>\n<h5><strong><span dir=\"auto\" style=\"vertical-align: inherit\"><span dir=\"auto\" style=\"vertical-align: inherit\">Correu electr\u00f2nic&nbsp;<\/span><\/span><\/strong><\/h5>\n<h5 style=\"padding-left: 40px\"><strong>&nbsp;<\/strong><a href=\"mailto:cgc.altea@umh.es\" target=\"_blank\" rel=\"noopener\"><span dir=\"auto\" style=\"vertical-align: inherit\"><span dir=\"auto\" style=\"vertical-align: inherit\">cgc.altea@umh.es<\/span><\/span><\/a><\/h5>\n<p><img loading=\"lazy\" class=\"wp-image-4366 aligncenter\" src=\"https:\/\/cegeca.umh.es\/files\/2026\/03\/BAA-Principal-Negre-300x100.jpg\" alt=\"\" width=\"519\" height=\"173\" srcset=\"https:\/\/cegeca.umh.es\/files\/2026\/03\/BAA-Principal-Negre-300x100.jpg 300w, https:\/\/cegeca.umh.es\/files\/2026\/03\/BAA-Principal-Negre.jpg 750w\" sizes=\"(max-width: 519px) 100vw, 519px\" \/><\/p>","protected":false},"excerpt":{"rendered":"<p>HORARI ESPECIAL SETMANA SANTA<\/p>\n<p>El 31 de mar\u00e7 i el 2 d&#8217;abril NO hi haur\u00e0 atenci\u00f3 al p\u00fablic a HORARI DE TARDA.<br \/>\nDel 3 al 12 d&#8217;abril TANCATS<\/p>\n<p>&nbsp;<br \/>\nHORARI D&#8217;ATENCI\u00d3 AL P\u00daBLIC&nbsp;<br \/>\nAtenci\u00f3 presencial<br \/>\nDilluns a divendres 9:00-14:00h (Excepte festius i per\u00edodes de vacances).<br \/>\nAtenci\u00f3 telef\u00f2nica i telem\u00e0tica<br \/>\nDimarts i dijous 15:30-17:30h (No disponible de juny a setembre)<br \/>\nContacte<br \/>\nDimarts : 966859123-966859131-966859112<br \/>\nDijous : [&#8230;]<\/p>\n","protected":false},"author":1763,"featured_media":0,"parent":4,"menu_order":4,"comment_status":"closed","ping_status":"closed","template":"","meta":{"ngg_post_thumbnail":0,"_links_to":"","_links_to_target":""},"_links":{"self":[{"href":"https:\/\/cegeca.umh.es\/ca\/wp-json\/wp\/v2\/pages\/3419"}],"collection":[{"href":"https:\/\/cegeca.umh.es\/ca\/wp-json\/wp\/v2\/pages"}],"about":[{"href":"https:\/\/cegeca.umh.es\/ca\/wp-json\/wp\/v2\/types\/page"}],"author":[{"embeddable":true,"href":"https:\/\/cegeca.umh.es\/ca\/wp-json\/wp\/v2\/users\/1763"}],"replies":[{"embeddable":true,"href":"https:\/\/cegeca.umh.es\/ca\/wp-json\/wp\/v2\/comments?post=3419"}],"version-history":[{"count":0,"href":"https:\/\/cegeca.umh.es\/ca\/wp-json\/wp\/v2\/pages\/3419\/revisions"}],"up":[{"embeddable":true,"href":"https:\/\/cegeca.umh.es\/ca\/wp-json\/wp\/v2\/pages\/4"}],"wp:attachment":[{"href":"https:\/\/cegeca.umh.es\/ca\/wp-json\/wp\/v2\/media?parent=3419"}],"curies":[{"name":"wp","href":"https:\/\/api.w.org\/{rel}","templated":true}]}}