{"id":3773,"date":"2024-12-20T09:17:59","date_gmt":"2024-12-20T08:17:59","guid":{"rendered":"https:\/\/cegeca.umh.es\/?page_id=3773"},"modified":"2026-01-29T10:26:33","modified_gmt":"2026-01-29T09:26:33","slug":"politica-ambiental-de-laumh","status":"publish","type":"page","link":"https:\/\/cegeca.umh.es\/ca\/cgc-orihuela\/politica-ambiental-de-laumh\/","title":{"rendered":"Pol\u00edtica Ambiental de la UMH"},"content":{"rendered":"<p><span dir=\"auto\" style=\"vertical-align: inherit\"><span dir=\"auto\" style=\"vertical-align: inherit\">Els Centres de Gesti\u00f3 de Campus de la UMH participa anualment al&nbsp; <\/span><\/span><a href=\"https:\/\/www.umhsostenible.com\/objetivos-ambientales\/\"><span dir=\"auto\" style=\"vertical-align: inherit\"><span dir=\"auto\" style=\"vertical-align: inherit\">Programa d&#8217;Objectius Ambientals<\/span><\/span><\/a><span dir=\"auto\" style=\"vertical-align: inherit\"><span dir=\"auto\" style=\"vertical-align: inherit\"> &nbsp;com a eina per a la millora i el reconeixement del nostre comportament ambiental, i actua d&#8217;acord amb la&nbsp; <\/span><\/span><a href=\"https:\/\/www.umhsostenible.com\/el-area-ambiental-y-desarrollo-sostenible-de-la-umh\/#politica\"><span dir=\"auto\" style=\"vertical-align: inherit\"><span dir=\"auto\" style=\"vertical-align: inherit\">Pol\u00edtica Ambiental de la UMH<\/span><\/span><\/a><span dir=\"auto\" style=\"vertical-align: inherit\"><span dir=\"auto\" style=\"vertical-align: inherit\"> , la qual recull els&nbsp; <\/span><\/span><strong><span dir=\"auto\" style=\"vertical-align: inherit\"><span dir=\"auto\" style=\"vertical-align: inherit\">compromisos ambientals<\/span><\/span><\/strong><span dir=\"auto\" style=\"vertical-align: inherit\"><span dir=\"auto\" style=\"vertical-align: inherit\"> &nbsp;de la Universitat Miguel Hern\u00e1ndez d&#8217;Elx per a la millora del seu exercici ambiental en les seves activitats de gesti\u00f3, investigaci\u00f3, transfer\u00e8ncia de coneixement.<\/span><\/span><\/p>","protected":false},"excerpt":{"rendered":"<p>Els Centres de Gesti\u00f3 de Campus de la UMH participa anualment al&nbsp; Programa d&#8217;Objectius Ambientals &nbsp;com a eina per a la millora i el reconeixement del nostre comportament ambiental, i actua d&#8217;acord amb la&nbsp; Pol\u00edtica Ambiental de la UMH , la qual recull els&nbsp; compromisos ambientals &nbsp;de la Universitat Miguel Hern\u00e1ndez d&#8217;Elx per a la [&#8230;]<\/p>\n","protected":false},"author":1089,"featured_media":0,"parent":6,"menu_order":11,"comment_status":"closed","ping_status":"closed","template":"","meta":{"ngg_post_thumbnail":0,"_links_to":"","_links_to_target":""},"_links":{"self":[{"href":"https:\/\/cegeca.umh.es\/ca\/wp-json\/wp\/v2\/pages\/3773"}],"collection":[{"href":"https:\/\/cegeca.umh.es\/ca\/wp-json\/wp\/v2\/pages"}],"about":[{"href":"https:\/\/cegeca.umh.es\/ca\/wp-json\/wp\/v2\/types\/page"}],"author":[{"embeddable":true,"href":"https:\/\/cegeca.umh.es\/ca\/wp-json\/wp\/v2\/users\/1089"}],"replies":[{"embeddable":true,"href":"https:\/\/cegeca.umh.es\/ca\/wp-json\/wp\/v2\/comments?post=3773"}],"version-history":[{"count":0,"href":"https:\/\/cegeca.umh.es\/ca\/wp-json\/wp\/v2\/pages\/3773\/revisions"}],"up":[{"embeddable":true,"href":"https:\/\/cegeca.umh.es\/ca\/wp-json\/wp\/v2\/pages\/6"}],"wp:attachment":[{"href":"https:\/\/cegeca.umh.es\/ca\/wp-json\/wp\/v2\/media?parent=3773"}],"curies":[{"name":"wp","href":"https:\/\/api.w.org\/{rel}","templated":true}]}}