{"id":4,"date":"2011-03-04T13:36:45","date_gmt":"2011-03-04T13:36:45","guid":{"rendered":"http:\/\/cegeca.zeus.umh.es\/cgc-altea\/"},"modified":"2026-03-26T11:03:09","modified_gmt":"2026-03-26T10:03:09","slug":"cgc-altea","status":"publish","type":"page","link":"https:\/\/cegeca.umh.es\/ca\/cgc-altea\/","title":{"rendered":"CGC Altea"},"content":{"rendered":"<p><\/p>\n<p style=\"text-align: center\"><a href=\"https:\/\/cegeca.umh.es\/files\/2026\/03\/520713174_18471023167077091_1160867402955002225_n.jpg\"><img loading=\"lazy\" class=\" wp-image-4373 alignleft\" src=\"https:\/\/cegeca.umh.es\/files\/2026\/03\/520713174_18471023167077091_1160867402955002225_n-300x225.jpg\" alt=\"\" width=\"580\" height=\"435\" srcset=\"https:\/\/cegeca.umh.es\/files\/2026\/03\/520713174_18471023167077091_1160867402955002225_n-300x225.jpg 300w, https:\/\/cegeca.umh.es\/files\/2026\/03\/520713174_18471023167077091_1160867402955002225_n-768x575.jpg 768w, https:\/\/cegeca.umh.es\/files\/2026\/03\/520713174_18471023167077091_1160867402955002225_n.jpg 856w\" sizes=\"(max-width: 580px) 100vw, 580px\" \/><\/a><\/p>\n<p>&nbsp;<\/p>\n<p>&nbsp;<\/p>\n<p>&nbsp;<\/p>\n<p>&nbsp;<\/p>\n<p>&nbsp;<\/p>\n<p>&nbsp;<\/p>\n<p>&nbsp;<\/p>\n<p>&nbsp;<\/p>\n<p>&nbsp;<\/p>\n<p style=\"text-align: justify\">El Centre de Gesti\u00f3 de Campus Altea s&#8217;ha esfor\u00e7at des del seu naixement per formar un bon equip que enforteixi la instituci\u00f3 que representa la Universitat Miguel Hern\u00e1ndez d&#8217;Elx en la col \u00b7 lectivitat, servint de nexe acad\u00e8mic i administratiu, per mitj\u00e0 del suport i la gesti\u00f3 efica\u00e7.<\/p>\n<p>La nostra missi\u00f3 \u00e9s coordinar tots aquells serveis, tant de car\u00e0cter intern com extern que s\u00f3n necessaris per al funcionament de les activitats administratives del Campus, relacionades amb la doc\u00e8ncia, la recerca i els serveis generals de la Universitat. Aix\u00ed com, oferir informaci\u00f3 als estudiants i difondre l&#8217;oferta acad\u00e8mica dels diferents estudis que s&#8217;imparteixen tant a la Facultat de Belles Arts d&#8217;Altea, com a la resta de la UMH.<\/p>\n<p>Aix\u00ed mateix, el CEGECA d&#8217;Altea participa cada any en el Pla Director per a la Qualitat en la Gesti\u00f3 dels Serveis, obtenint excel \u00b7 lents resultats en el compliment dels objectius pactats amb la Ger\u00e8ncia de la Universitat.<\/p>\n<p>&nbsp;<\/p>\n<p style=\"text-align: center\">&nbsp;<\/p>\n<p><\/p>","protected":false},"excerpt":{"rendered":"<p>&nbsp;<br \/>\n&nbsp;<br \/>\n&nbsp;<br \/>\n&nbsp;<br \/>\n&nbsp;<br \/>\n&nbsp;<br \/>\n&nbsp;<br \/>\n&nbsp;<br \/>\n&nbsp;<br \/>\nEl Centre de Gesti\u00f3 de Campus Altea s&#8217;ha esfor\u00e7at des del seu naixement per formar un bon equip que enforteixi la instituci\u00f3 que representa la Universitat Miguel Hern\u00e1ndez d&#8217;Elx en la col \u00b7 lectivitat, servint de nexe acad\u00e8mic i administratiu, per mitj\u00e0 del suport i la gesti\u00f3 efica\u00e7.<br \/>\nLa nostra missi\u00f3 \u00e9s coordinar tots aquells serveis, [&#8230;]<\/p>\n","protected":false},"author":126,"featured_media":0,"parent":0,"menu_order":1,"comment_status":"closed","ping_status":"closed","template":"","meta":{"ngg_post_thumbnail":0,"_links_to":"","_links_to_target":""},"_links":{"self":[{"href":"https:\/\/cegeca.umh.es\/ca\/wp-json\/wp\/v2\/pages\/4"}],"collection":[{"href":"https:\/\/cegeca.umh.es\/ca\/wp-json\/wp\/v2\/pages"}],"about":[{"href":"https:\/\/cegeca.umh.es\/ca\/wp-json\/wp\/v2\/types\/page"}],"author":[{"embeddable":true,"href":"https:\/\/cegeca.umh.es\/ca\/wp-json\/wp\/v2\/users\/126"}],"replies":[{"embeddable":true,"href":"https:\/\/cegeca.umh.es\/ca\/wp-json\/wp\/v2\/comments?post=4"}],"version-history":[{"count":0,"href":"https:\/\/cegeca.umh.es\/ca\/wp-json\/wp\/v2\/pages\/4\/revisions"}],"wp:attachment":[{"href":"https:\/\/cegeca.umh.es\/ca\/wp-json\/wp\/v2\/media?parent=4"}],"curies":[{"name":"wp","href":"https:\/\/api.w.org\/{rel}","templated":true}]}}