{"id":47,"date":"2011-04-14T13:15:16","date_gmt":"2011-04-14T11:15:16","guid":{"rendered":"http:\/\/cegeca.zeus.umh.es\/?page_id=47"},"modified":"2026-03-03T13:14:05","modified_gmt":"2026-03-03T12:14:05","slug":"directorio","status":"publish","type":"page","link":"https:\/\/cegeca.umh.es\/ca\/cgc-orihuela\/directorio\/","title":{"rendered":"Directori CGC Orihuela"},"content":{"rendered":"<p><\/p>\n<h2 style=\"text-align: center\"><strong><span dir=\"auto\" style=\"vertical-align: inherit\"><span dir=\"auto\" style=\"vertical-align: inherit\">Tel\u00e8fon d&#8217;atenci\u00f3 al p\u00fablic<\/span><\/span><\/strong><\/h2>\n<h2 style=\"text-align: center\"><strong><span dir=\"auto\" style=\"vertical-align: inherit\"><span dir=\"auto\" style=\"vertical-align: inherit\">Seu Desemparats +34 96 674 9680<\/span><\/span><\/strong><\/h2>\n<h2 style=\"text-align: center\"><strong><span dir=\"auto\" style=\"vertical-align: inherit\"><span dir=\"auto\" style=\"vertical-align: inherit\">Seu Saleses +34 96 674 9833<\/span><\/span><\/strong><\/h2>\n<h2 style=\"text-align: center\"><span dir=\"auto\" style=\"vertical-align: inherit\"><span dir=\"auto\" style=\"vertical-align: inherit\">E-mail: &nbsp; <\/span><\/span><a href=\"mailto:cgc.ori@umh.es\"><strong><span dir=\"auto\" style=\"vertical-align: inherit\"><span dir=\"auto\" style=\"vertical-align: inherit\">cgc.ori@umh.es<\/span><\/span><\/strong><\/a><\/h2>\n<p><strong>&nbsp;<\/strong><\/p>\n<p><strong><em><span dir=\"auto\" style=\"vertical-align: inherit\"><span dir=\"auto\" style=\"vertical-align: inherit\">Centre Gesti\u00f3 de Campus<\/span><\/span><\/em><\/strong><\/p>\n<p>&nbsp;<\/p>\n<p><strong><span dir=\"auto\" style=\"vertical-align: inherit\"><span dir=\"auto\" style=\"vertical-align: inherit\">SEU DESEMPARATS<\/span><\/span><\/strong><\/p>\n<p><strong><em><span dir=\"auto\" style=\"vertical-align: inherit\"><span dir=\"auto\" style=\"vertical-align: inherit\">Gesti\u00f3 Acad\u00e8mica<\/span><\/span><\/em><\/strong><\/p>\n<ul>\n<li><span dir=\"auto\" style=\"vertical-align: inherit\"><span dir=\"auto\" style=\"vertical-align: inherit\">Rodr\u00edguez Carmona Jos\u00e9 Luis (responsable) \u2013 email: <\/span><\/span><a href=\"mailto:jl.rodriguez@umh.es\"><strong><span dir=\"auto\" style=\"vertical-align: inherit\"><span dir=\"auto\" style=\"vertical-align: inherit\">jl.rodriguez@umh.es<\/span><\/span><\/strong><\/a><span dir=\"auto\" style=\"vertical-align: inherit\"><span dir=\"auto\" style=\"vertical-align: inherit\"> \u2013 Tel\u00e8fon: 96 674 9682<\/span><\/span><\/li>\n<li><span dir=\"auto\" style=\"vertical-align: inherit\"><span dir=\"auto\" style=\"vertical-align: inherit\">Miralles Trigueros, Asunci\u00f3n \u2013 email: <\/span><\/span><a href=\"mailto:asuncion.miralles@umh.es\"><strong><span dir=\"auto\" style=\"vertical-align: inherit\"><span dir=\"auto\" style=\"vertical-align: inherit\">asuncion.miralles@umh.es<\/span><\/span><\/strong><\/a><span dir=\"auto\" style=\"vertical-align: inherit\"><span dir=\"auto\" style=\"vertical-align: inherit\"> \u2013 Tel\u00e8fon: 96 674 9680<\/span><\/span><\/li>\n<\/ul>\n<p><strong><em><span dir=\"auto\" style=\"vertical-align: inherit\"><span dir=\"auto\" style=\"vertical-align: inherit\">Gesti\u00f3 Econ\u00f2mica<\/span><\/span><\/em><\/strong><\/p>\n<ul>\n<li><span dir=\"auto\" style=\"vertical-align: inherit\"><span dir=\"auto\" style=\"vertical-align: inherit\">Aguilar Ruiz, Mar\u00eda Cecilia \u2013 email:&nbsp; <\/span><\/span><a href=\"mailto:c.aguilar@umh.es\"><strong><span dir=\"auto\" style=\"vertical-align: inherit\"><span dir=\"auto\" style=\"vertical-align: inherit\">c.aguilar@umh.es<\/span><\/span><\/strong><\/a><span dir=\"auto\" style=\"vertical-align: inherit\"><span dir=\"auto\" style=\"vertical-align: inherit\"> &nbsp;\u2013 Tel\u00e8fon: 96 674 9758<\/span><\/span><\/li>\n<li><span dir=\"auto\" style=\"vertical-align: inherit\"><span dir=\"auto\" style=\"vertical-align: inherit\">Castro Chauvin, Matilde \u2013 email: <\/span><\/span><a href=\"mailto:matilde.castro@umh.es\"><span dir=\"auto\" style=\"vertical-align: inherit\"><span dir=\"auto\" style=\"vertical-align: inherit\">matilde.castro@umh.es<\/span><\/span><\/a><span dir=\"auto\" style=\"vertical-align: inherit\"><span dir=\"auto\" style=\"vertical-align: inherit\"> \u2013 Tel\u00e8fon: 96 674 9676<\/span><\/span><\/li>\n<li><span dir=\"auto\" style=\"vertical-align: inherit\"><span dir=\"auto\" style=\"vertical-align: inherit\">Serrano Moll, Mar\u00eda \u00c1ngeles \u2013 email: <\/span><\/span><a href=\"mailto:maria.serranom@umh.es\"><span dir=\"auto\" style=\"vertical-align: inherit\"><span dir=\"auto\" style=\"vertical-align: inherit\">maria.serranom@umh.es<\/span><\/span><\/a><span dir=\"auto\" style=\"vertical-align: inherit\"><span dir=\"auto\" style=\"vertical-align: inherit\"> \u2013 Tel\u00e8fon: 96 674 9745<\/span><\/span><\/li>\n<\/ul>\n<p><strong><span dir=\"auto\" style=\"vertical-align: inherit\"><span dir=\"auto\" style=\"vertical-align: inherit\">SEU SALESES<\/span><\/span><\/strong><\/p>\n<p><strong><em><span dir=\"auto\" style=\"vertical-align: inherit\"><span dir=\"auto\" style=\"vertical-align: inherit\">Gesti\u00f3 Acad\u00e8mica<\/span><\/span><\/em><\/strong><\/p>\n<ul>\n<li><span dir=\"auto\" style=\"vertical-align: inherit\"><span dir=\"auto\" style=\"vertical-align: inherit\">Morga P\u00e9rez, Paloma (responsable) \u2013 email: <\/span><\/span><a href=\"mailto:paloma.morga@umh.es\"><strong><span dir=\"auto\" style=\"vertical-align: inherit\"><span dir=\"auto\" style=\"vertical-align: inherit\">paloma.morga@umh.es<\/span><\/span><\/strong><\/a><span dir=\"auto\" style=\"vertical-align: inherit\"><span dir=\"auto\" style=\"vertical-align: inherit\"> \u2013 Tel\u00e8fon: 96 674 9825<\/span><\/span><\/li>\n<li><span dir=\"auto\" style=\"vertical-align: inherit\"><span dir=\"auto\" style=\"vertical-align: inherit\">Lorente M\u00e9ndez, Ascensi\u00f3 dels \u00c0ngels \u2013 email:&nbsp; <\/span><\/span><a href=\"mailto:ascension.lorente@umh.es\"><strong><span dir=\"auto\" style=\"vertical-align: inherit\"><span dir=\"auto\" style=\"vertical-align: inherit\">ascension.lorente@umh.es<\/span><\/span><\/strong><\/a><span dir=\"auto\" style=\"vertical-align: inherit\"><span dir=\"auto\" style=\"vertical-align: inherit\"> &nbsp;\u2013 Tel\u00e8fon: 96 674 9833<\/span><\/span><\/li>\n<li><span dir=\"auto\" style=\"vertical-align: inherit\"><span dir=\"auto\" style=\"vertical-align: inherit\">Perales Costa, Francisco \u2013 email: <\/span><\/span><a href=\"mailto:%20fco.perales@umh.es\"><strong><span dir=\"auto\" style=\"vertical-align: inherit\"><span dir=\"auto\" style=\"vertical-align: inherit\">fco.perales@umh.es<\/span><\/span><\/strong><\/a><span dir=\"auto\" style=\"vertical-align: inherit\"><span dir=\"auto\" style=\"vertical-align: inherit\"> \u2013 Tel\u00e8fon: 96 674 9826<\/span><\/span><\/li>\n<\/ul>\n<p><strong><em>&nbsp;<\/em><\/strong><strong><span dir=\"auto\" style=\"vertical-align: inherit\"><span dir=\"auto\" style=\"vertical-align: inherit\">Facultats i Escoles<\/span><\/span><\/strong><\/p>\n<ul>\n<li><strong><em><span dir=\"auto\" style=\"vertical-align: inherit\"><span dir=\"auto\" style=\"vertical-align: inherit\">Escola Polit\u00e8cnica Superior d&#8217;Oriola<\/span><\/span><\/em><\/strong>\n<ul>\n<li><span dir=\"auto\" style=\"vertical-align: inherit\"><span dir=\"auto\" style=\"vertical-align: inherit\">Mateo Cabello, Mar\u00eda Reyes\u2013 email: <\/span><\/span><a href=\"mailto:c.aguilar@umh.es\"><strong><span dir=\"auto\" style=\"vertical-align: inherit\"><span dir=\"auto\" style=\"vertical-align: inherit\">mr.mateo@umh.es<\/span><\/span><\/strong><\/a><span dir=\"auto\" style=\"vertical-align: inherit\"><span dir=\"auto\" style=\"vertical-align: inherit\"> \u2013 Tel\u00e8fon: 96 674 9807<\/span><\/span><\/li>\n<\/ul>\n<\/li>\n<li><em><strong><span dir=\"auto\" style=\"vertical-align: inherit\"><span dir=\"auto\" style=\"vertical-align: inherit\">Facultat de Ci\u00e8ncies Socials i Jur\u00eddiques<\/span><\/span><\/strong><\/em>\n<ul>\n<li><span dir=\"auto\" style=\"vertical-align: inherit\"><span dir=\"auto\" style=\"vertical-align: inherit\">Morga P\u00e9rez, Paloma (responsable) \u2013 email: <\/span><\/span><a href=\"mailto:paloma.morga@umh.es\"><strong><span dir=\"auto\" style=\"vertical-align: inherit\"><span dir=\"auto\" style=\"vertical-align: inherit\">paloma.morga@umh.es<\/span><\/span><\/strong><\/a><span dir=\"auto\" style=\"vertical-align: inherit\"><span dir=\"auto\" style=\"vertical-align: inherit\"> \u2013 Tel\u00e8fon: 96 674 9825<\/span><\/span><\/li>\n<li><span dir=\"auto\" style=\"vertical-align: inherit\"><span dir=\"auto\" style=\"vertical-align: inherit\">Lorente M\u00e9ndez, Ascensi\u00f3 dels \u00c0ngels \u2013 email:&nbsp; <\/span><\/span><a href=\"mailto:ascension.lorente@umh.es\"><strong><span dir=\"auto\" style=\"vertical-align: inherit\"><span dir=\"auto\" style=\"vertical-align: inherit\">ascension.lorente@umh.es<\/span><\/span><\/strong><\/a><span dir=\"auto\" style=\"vertical-align: inherit\"><span dir=\"auto\" style=\"vertical-align: inherit\"> &nbsp;\u2013 Tel\u00e8fon: 96 674 9833<\/span><\/span><\/li>\n<li><span dir=\"auto\" style=\"vertical-align: inherit\"><span dir=\"auto\" style=\"vertical-align: inherit\">Perales Costa, Francisco \u2013 email: <\/span><\/span><a href=\"mailto:%20fco.perales@umh.es\"><strong><span dir=\"auto\" style=\"vertical-align: inherit\"><span dir=\"auto\" style=\"vertical-align: inherit\">fco.perales@umh.es<\/span><\/span><\/strong><\/a><span dir=\"auto\" style=\"vertical-align: inherit\"><span dir=\"auto\" style=\"vertical-align: inherit\"> \u2013 Tel\u00e8fon: 96 674 9826<\/span><\/span><\/li>\n<\/ul>\n<\/li>\n<\/ul>\n<p><strong><span dir=\"auto\" style=\"vertical-align: inherit\"><span dir=\"auto\" style=\"vertical-align: inherit\">Departaments<\/span><\/span><\/strong><\/p>\n<ul>\n<li><strong><em><span dir=\"auto\" style=\"vertical-align: inherit\"><span dir=\"auto\" style=\"vertical-align: inherit\">Economia Agroambiental, Eng. Cartogr\u00e0fica i Expressi\u00f3 Gr\u00e0fica de l&#8217;Enginyeria<\/span><\/span><\/em><\/strong>\n<ul>\n<li><span dir=\"auto\" style=\"vertical-align: inherit\"><span dir=\"auto\" style=\"vertical-align: inherit\">Lillo S\u00e1nchez, Alejandro \u2013 email: <\/span><\/span><a href=\"mailto:alejandro.lillos@umh.es\"><span class=\"limpia\"><span dir=\"auto\" style=\"vertical-align: inherit\"><span dir=\"auto\" style=\"vertical-align: inherit\">a<\/span><\/span><\/span><span dir=\"auto\" style=\"vertical-align: inherit\"><span dir=\"auto\" style=\"vertical-align: inherit\"> lejandro. <\/span><\/span><span class=\"marcaTxtBusc\"><span dir=\"auto\" style=\"vertical-align: inherit\"><span dir=\"auto\" style=\"vertical-align: inherit\">lillo<\/span><\/span><\/span><span dir=\"auto\" style=\"vertical-align: inherit\"><span dir=\"auto\" style=\"vertical-align: inherit\"> s <\/span><\/span><span class=\"limpia\"><span dir=\"auto\" style=\"vertical-align: inherit\"><span dir=\"auto\" style=\"vertical-align: inherit\">@ <\/span><\/span><\/span><span class=\"limpia\"><span dir=\"auto\" style=\"vertical-align: inherit\"><span dir=\"auto\" style=\"vertical-align: inherit\">u<\/span><\/span><\/span><span dir=\"auto\" style=\"vertical-align: inherit\"><span dir=\"auto\" style=\"vertical-align: inherit\"> mh.es<\/span><\/span><\/a><span dir=\"auto\" style=\"vertical-align: inherit\"><span dir=\"auto\" style=\"vertical-align: inherit\"> &nbsp;\u2013 Tel\u00e8fon: 96 674 9746<\/span><\/span><\/li>\n<\/ul>\n<\/li>\n<\/ul>\n<ul>\n<li><strong><em><span dir=\"auto\" style=\"vertical-align: inherit\"><span dir=\"auto\" style=\"vertical-align: inherit\">Enginyeria<\/span><\/span><\/em><\/strong>\n<ul>\n<li><span dir=\"auto\" style=\"vertical-align: inherit\"><span dir=\"auto\" style=\"vertical-align: inherit\">Lillo S\u00e1nchez, Alejandro \u2013 email: <\/span><\/span><a href=\"mailto:alejandro.lillos@umh.es\"><span class=\"limpia\"><span dir=\"auto\" style=\"vertical-align: inherit\"><span dir=\"auto\" style=\"vertical-align: inherit\">a<\/span><\/span><\/span><span dir=\"auto\" style=\"vertical-align: inherit\"><span dir=\"auto\" style=\"vertical-align: inherit\"> lejandro. <\/span><\/span><span class=\"marcaTxtBusc\"><span dir=\"auto\" style=\"vertical-align: inherit\"><span dir=\"auto\" style=\"vertical-align: inherit\">lillo<\/span><\/span><\/span><span dir=\"auto\" style=\"vertical-align: inherit\"><span dir=\"auto\" style=\"vertical-align: inherit\"> s <\/span><\/span><span class=\"limpia\"><span dir=\"auto\" style=\"vertical-align: inherit\"><span dir=\"auto\" style=\"vertical-align: inherit\">@ <\/span><\/span><\/span><span class=\"limpia\"><span dir=\"auto\" style=\"vertical-align: inherit\"><span dir=\"auto\" style=\"vertical-align: inherit\">u<\/span><\/span><\/span><span dir=\"auto\" style=\"vertical-align: inherit\"><span dir=\"auto\" style=\"vertical-align: inherit\"> mh.es<\/span><\/span><\/a><span dir=\"auto\" style=\"vertical-align: inherit\"><span dir=\"auto\" style=\"vertical-align: inherit\"> &nbsp;\u2013 Tel\u00e8fon: 96 674 9746<\/span><\/span><\/li>\n<\/ul>\n<\/li>\n<li>&nbsp;<strong><em><span dir=\"auto\" style=\"vertical-align: inherit\"><span dir=\"auto\" style=\"vertical-align: inherit\">Producci\u00f3 Vegetal i Microbiologia<\/span><\/span><\/em><\/strong>\n<ul>\n<li><span dir=\"auto\" style=\"vertical-align: inherit\"><span dir=\"auto\" style=\"vertical-align: inherit\">Torregrosa Pi\u00f1ero, Mar\u00eda Dolores \u2013 email: <\/span><\/span><a href=\"mailto:md.torregrosa@umh.es\"><strong><span dir=\"auto\" style=\"vertical-align: inherit\"><span dir=\"auto\" style=\"vertical-align: inherit\">md.torregrosa@umh.es<\/span><\/span><\/strong><\/a><span dir=\"auto\" style=\"vertical-align: inherit\"><span dir=\"auto\" style=\"vertical-align: inherit\"> \u2013 Tel\u00e8fon: 96 674 9701<\/span><\/span><\/li>\n<\/ul>\n<\/li>\n<li><strong><em><span dir=\"auto\" style=\"vertical-align: inherit\"><span dir=\"auto\" style=\"vertical-align: inherit\">Tecnologia Agroaliment\u00e0ria<\/span><\/span><\/em><\/strong>\n<ul>\n<li><span dir=\"auto\" style=\"vertical-align: inherit\"><span dir=\"auto\" style=\"vertical-align: inherit\">Lillo S\u00e1nchez, Alejandro \u2013 email: <\/span><\/span><a href=\"mailto:alejandro.lillos@umh.es\"><span class=\"limpia\"><span dir=\"auto\" style=\"vertical-align: inherit\"><span dir=\"auto\" style=\"vertical-align: inherit\">a<\/span><\/span><\/span><span dir=\"auto\" style=\"vertical-align: inherit\"><span dir=\"auto\" style=\"vertical-align: inherit\"> lejandro. <\/span><\/span><span class=\"marcaTxtBusc\"><span dir=\"auto\" style=\"vertical-align: inherit\"><span dir=\"auto\" style=\"vertical-align: inherit\">lillo<\/span><\/span><\/span><span dir=\"auto\" style=\"vertical-align: inherit\"><span dir=\"auto\" style=\"vertical-align: inherit\"> s <\/span><\/span><span class=\"limpia\"><span dir=\"auto\" style=\"vertical-align: inherit\"><span dir=\"auto\" style=\"vertical-align: inherit\">@ <\/span><\/span><\/span><span class=\"limpia\"><span dir=\"auto\" style=\"vertical-align: inherit\"><span dir=\"auto\" style=\"vertical-align: inherit\">u<\/span><\/span><\/span><span dir=\"auto\" style=\"vertical-align: inherit\"><span dir=\"auto\" style=\"vertical-align: inherit\"> mh.es<\/span><\/span><\/a><span dir=\"auto\" style=\"vertical-align: inherit\"><span dir=\"auto\" style=\"vertical-align: inherit\"> &nbsp;\u2013 Tel\u00e8fon: 96 674 9746<\/span><\/span><\/li>\n<\/ul>\n<\/li>\n<\/ul>\n<p><strong><span dir=\"auto\" style=\"vertical-align: inherit\"><span dir=\"auto\" style=\"vertical-align: inherit\">Instituts<\/span><\/span><\/strong><\/p>\n<ul>\n<li><strong><em><span dir=\"auto\" style=\"vertical-align: inherit\"><span dir=\"auto\" style=\"vertical-align: inherit\">Institut Universitari de Recerca i Innovaci\u00f3 Agroaliment\u00e0ria i Agroambiental<\/span><\/span><\/em><\/strong>\n<ul>\n<li><span dir=\"auto\" style=\"vertical-align: inherit\"><span dir=\"auto\" style=\"vertical-align: inherit\">Alarc\u00f3n Pardo, Pedro Jos\u00e9 \u2013 email:&nbsp; <\/span><\/span><a href=\"mailto:palarcon@umh.es\"><span dir=\"auto\" style=\"vertical-align: inherit\"><span dir=\"auto\" style=\"vertical-align: inherit\">palarcon@umh.es<\/span><\/span><\/a><span dir=\"auto\" style=\"vertical-align: inherit\"><span dir=\"auto\" style=\"vertical-align: inherit\"> \u2013 Tel\u00e8fon: 96 674 9618<\/span><\/span><\/li>\n<li><span dir=\"auto\" style=\"vertical-align: inherit\"><span dir=\"auto\" style=\"vertical-align: inherit\">Aparicio Villanueva, Mar\u00eda Jes\u00fas (responsable) \u2013 email: <\/span><\/span><a href=\"mailto:m.aparicio@umh.es\"><span dir=\"auto\" style=\"vertical-align: inherit\"><span dir=\"auto\" style=\"vertical-align: inherit\">m.aparicio@umh.es<\/span><\/span><\/a><span dir=\"auto\" style=\"vertical-align: inherit\"><span dir=\"auto\" style=\"vertical-align: inherit\"> \u2013 Tel\u00e8fon: 96 674 9602<\/span><\/span><\/li>\n<li><span dir=\"auto\" style=\"vertical-align: inherit\"><span dir=\"auto\" style=\"vertical-align: inherit\">Garc\u00eda L\u00f3pez, Mar\u00eda Regina \u2013 email:&nbsp; <\/span><\/span><a href=\"mailto:maria.garcia@umh.es\"><span dir=\"auto\" style=\"vertical-align: inherit\"><span dir=\"auto\" style=\"vertical-align: inherit\">maria.garcia@umh.es<\/span><\/span><\/a><span dir=\"auto\" style=\"vertical-align: inherit\"><span dir=\"auto\" style=\"vertical-align: inherit\"> \u2013 Tel\u00e8fon: 96 674 9619<\/span><\/span><\/li>\n<li><span dir=\"auto\" style=\"vertical-align: inherit\"><span dir=\"auto\" style=\"vertical-align: inherit\">Gonz\u00e1lez Mart\u00ednez, Mar\u00eda Elva \u2013 email: <\/span><\/span><a href=\"mailto:m.gonzalezm@umh.es\"><span dir=\"auto\" style=\"vertical-align: inherit\"><span dir=\"auto\" style=\"vertical-align: inherit\">m.gonzalezm@umh.es<\/span><\/span><\/a><span dir=\"auto\" style=\"vertical-align: inherit\"><span dir=\"auto\" style=\"vertical-align: inherit\"> \u2013 Tel\u00e8fon: 96 674 9624&nbsp;<\/span><\/span><\/li>\n<li><span dir=\"auto\" style=\"vertical-align: inherit\"><span dir=\"auto\" style=\"vertical-align: inherit\">P\u00e9rez Mart\u00ednez, Elena \u2013 email: <\/span><\/span><a href=\"mailto:e.perezm@umh.es\"><span dir=\"auto\" style=\"vertical-align: inherit\"><span dir=\"auto\" style=\"vertical-align: inherit\">e.perezm@umh.es<\/span><\/span><\/a><span dir=\"auto\" style=\"vertical-align: inherit\"><span dir=\"auto\" style=\"vertical-align: inherit\"> &#8211; Tel\u00e8fon: 96 674 9677<\/span><\/span><\/li>\n<\/ul>\n<\/li>\n<\/ul>\n<p><!--more--><\/p>","protected":false},"excerpt":{"rendered":"<p>Tel\u00e8fon d&#8217;atenci\u00f3 al p\u00fablic<br \/>\nSeu Desemparats +34 96 674 9680<br \/>\nSeu Saleses +34 96 674 9833<br \/>\nE-mail: &nbsp; cgc.ori@umh.es<br \/>\n&nbsp;<br \/>\nCentre Gesti\u00f3 de Campus<br \/>\n&nbsp;<br \/>\nSEU DESEMPARATS<br \/>\nGesti\u00f3 Acad\u00e8mica<\/p>\n<p>Rodr\u00edguez Carmona Jos\u00e9 Luis (responsable) \u2013 email: jl.rodriguez@umh.es \u2013 Tel\u00e8fon: 96 674 9682<br \/>\nMiralles Trigueros, Asunci\u00f3n \u2013 email: asuncion.miralles@umh.es \u2013 Tel\u00e8fon: 96 674 9680<\/p>\n<p>Gesti\u00f3 Econ\u00f2mica<\/p>\n<p>Aguilar Ruiz, Mar\u00eda Cecilia \u2013 email:&nbsp; c.aguilar@umh.es &nbsp;\u2013 Tel\u00e8fon: 96 674 9758<br \/>\nCastro [&#8230;]<\/p>\n","protected":false},"author":125,"featured_media":0,"parent":6,"menu_order":7,"comment_status":"closed","ping_status":"closed","template":"","meta":{"ngg_post_thumbnail":0,"_links_to":"","_links_to_target":""},"_links":{"self":[{"href":"https:\/\/cegeca.umh.es\/ca\/wp-json\/wp\/v2\/pages\/47"}],"collection":[{"href":"https:\/\/cegeca.umh.es\/ca\/wp-json\/wp\/v2\/pages"}],"about":[{"href":"https:\/\/cegeca.umh.es\/ca\/wp-json\/wp\/v2\/types\/page"}],"author":[{"embeddable":true,"href":"https:\/\/cegeca.umh.es\/ca\/wp-json\/wp\/v2\/users\/125"}],"replies":[{"embeddable":true,"href":"https:\/\/cegeca.umh.es\/ca\/wp-json\/wp\/v2\/comments?post=47"}],"version-history":[{"count":0,"href":"https:\/\/cegeca.umh.es\/ca\/wp-json\/wp\/v2\/pages\/47\/revisions"}],"up":[{"embeddable":true,"href":"https:\/\/cegeca.umh.es\/ca\/wp-json\/wp\/v2\/pages\/6"}],"wp:attachment":[{"href":"https:\/\/cegeca.umh.es\/ca\/wp-json\/wp\/v2\/media?parent=47"}],"curies":[{"name":"wp","href":"https:\/\/api.w.org\/{rel}","templated":true}]}}