{"id":48,"date":"2011-04-14T13:15:45","date_gmt":"2011-04-14T11:15:45","guid":{"rendered":"http:\/\/cegeca.zeus.umh.es\/?page_id=48"},"modified":"2026-03-26T08:49:25","modified_gmt":"2026-03-26T07:49:25","slug":"directorio","status":"publish","type":"page","link":"https:\/\/cegeca.umh.es\/ca\/cgc-altea\/directorio\/","title":{"rendered":"Directori CGC Altea"},"content":{"rendered":"<p><\/p>\n<h4 style=\"text-align: center\">Tel\u00e8fon d&#8217;atenci\u00f3 al p\u00fablic<\/h4>\n<h4 style=\"text-align: center\">+34 96 685 9109<\/h4>\n<h4 style=\"text-align: center\">+34 96 685 9131<\/h4>\n<h4 style=\"text-align: center\">+34 96 685 9112<\/h4>\n<h4 style=\"text-align: center\">E-mail: cgc.altea@umh.es<\/h4>\n<p>&nbsp;<\/p>\n<h5>Centre de Gesti\u00f3 de Campus<\/h5>\n<ul>\n<li>Leandro Medina Mar\u00eda \u2013 e-mail: <a href=\"mailto:r.marti@umh.es\"><strong>l.medina@umh.es<\/strong><\/a> \u2013 Tel\u00e8fon: 96 685 9123<b> <\/b><\/li>\n<li>Mar\u00eda Jes\u00fas Garc\u00eda S\u00e1nchez \u2013 e-mail: <a href=\"mailto:m.garcias@umh.es\"><strong>m.garcias@umh.es<\/strong><\/a> \u2013 Tel\u00e8fon: 96 685 9109<\/li>\n<li>Esperanza Ochando Ram\u00edrez- e-mail: <a href=\"mailto:in.ml@umh.es\"><strong>eochando@umh.es<\/strong><\/a> \u2013 Tel\u00e8fon: 96 685 9131<\/li>\n<li>Ana Laida P\u00e9rez Mateo- e-mail: <a href=\"mailto:ana.perezm@umh.es\"><strong>ana.perezm@umh.es<\/strong><\/a> \u2013 Tel\u00e8fon: 96 685 9112<\/li>\n<\/ul>\n<h5>&nbsp;<\/h5>\n<h5>Facultat de Belles Arts<\/h5>\n<ul>\n<li>Leandro Medina Mar\u00eda- e-mail: <a href=\"mailto:l.medina@umh.es\"><strong>l.medina@umh.es<\/strong><\/a>\u2013 Tel\u00e8fon: 96 685 9123<\/li>\n<\/ul>\n<p>&nbsp;<\/p>\n<h5>Departament d&#8217;Art<\/h5>\n<ul>\n<li>Alfredo Pell\u00edn Garc\u00eda \u2013 e-mail:&nbsp;<a href=\"mailto:apellin@umh.es\"><strong>apellin@umh.es<\/strong><\/a> \u2013 Tel\u00e8fon: 96 685 9118<\/li>\n<\/ul>\n<hr size=\"3\"><\/p>","protected":false},"excerpt":{"rendered":"<p>Tel\u00e8fon d&#8217;atenci\u00f3 al p\u00fablic<br \/>\n+34 96 685 9109<br \/>\n+34 96 685 9131<br \/>\n+34 96 685 9112<br \/>\nE-mail: cgc.altea@umh.es<br \/>\n&nbsp;<br \/>\nCentre de Gesti\u00f3 de Campus<\/p>\n<p>Leandro Medina Mar\u00eda \u2013 e-mail: l.medina@umh.es \u2013 Tel\u00e8fon: 96 685 9123<br \/>\nMar\u00eda Jes\u00fas Garc\u00eda S\u00e1nchez \u2013 e-mail: m.garcias@umh.es \u2013 Tel\u00e8fon: 96 685 9109<br \/>\nEsperanza Ochando Ram\u00edrez- e-mail: eochando@umh.es \u2013 Tel\u00e8fon: 96 685 9131<br \/>\nAna Laida P\u00e9rez Mateo- e-mail: ana.perezm@umh.es \u2013 [&#8230;]<\/p>\n","protected":false},"author":124,"featured_media":0,"parent":4,"menu_order":3,"comment_status":"closed","ping_status":"closed","template":"","meta":{"ngg_post_thumbnail":0,"_links_to":"","_links_to_target":""},"_links":{"self":[{"href":"https:\/\/cegeca.umh.es\/ca\/wp-json\/wp\/v2\/pages\/48"}],"collection":[{"href":"https:\/\/cegeca.umh.es\/ca\/wp-json\/wp\/v2\/pages"}],"about":[{"href":"https:\/\/cegeca.umh.es\/ca\/wp-json\/wp\/v2\/types\/page"}],"author":[{"embeddable":true,"href":"https:\/\/cegeca.umh.es\/ca\/wp-json\/wp\/v2\/users\/124"}],"replies":[{"embeddable":true,"href":"https:\/\/cegeca.umh.es\/ca\/wp-json\/wp\/v2\/comments?post=48"}],"version-history":[{"count":0,"href":"https:\/\/cegeca.umh.es\/ca\/wp-json\/wp\/v2\/pages\/48\/revisions"}],"up":[{"embeddable":true,"href":"https:\/\/cegeca.umh.es\/ca\/wp-json\/wp\/v2\/pages\/4"}],"wp:attachment":[{"href":"https:\/\/cegeca.umh.es\/ca\/wp-json\/wp\/v2\/media?parent=48"}],"curies":[{"name":"wp","href":"https:\/\/api.w.org\/{rel}","templated":true}]}}