{"id":5,"date":"2011-03-04T13:36:55","date_gmt":"2011-03-04T13:36:55","guid":{"rendered":"http:\/\/cegeca.zeus.umh.es\/cgc-san-juan\/"},"modified":"2022-05-31T16:49:12","modified_gmt":"2022-05-31T14:49:12","slug":"cgc-san-juan","status":"publish","type":"page","link":"https:\/\/cegeca.umh.es\/ca\/cgc-san-juan\/","title":{"rendered":"<span lang=\"es\">(Espa\u00f1ol) CGC San Juan<\/span>"},"content":{"rendered":"<p><a href=\"https:\/\/cegeca.umh.es\/files\/2011\/04\/Centro-de-Gestion2.jpg\"><\/a><\/p>\n<p style=\"text-align: center\"><img loading=\"lazy\" class=\"aligncenter\" title=\"CAMPUS DE SAN JUAN\" src=\"https:\/\/cegeca.umh.es\/files\/2011\/03\/UMH-050.jpg\" alt=\"\" width=\"432\" height=\"258\" \/><\/p>\n<p style=\"text-align: justify\">El Centre de Gesti\u00f3 del Campus de Sant Joan d&#8217;Alacant es va crear per acord de la Comissi\u00f3 Gestora de la Universitat, el 19 de gener de 1998, comen\u00e7ant el seu cam\u00ed Al Febrer d&#8217;eixe mateix any, mantenint com a principi de funcionament la descentralitzaci\u00f3 administrativa, i com a objectius, els d&#8217;autonomia de gesti\u00f3 en el Campus, especialitzaci\u00f3, coordinaci\u00f3 operativa i resposta pr\u00f2xima als usuaris dels servicis de la Universitat.<\/p>\n<blockquote><p>Aquest text ha sigut tradu\u00eft utilitzant un motor de traducci\u00f3 autom\u00e0tica.<\/p><\/blockquote>\n<p><\/p>","protected":false},"excerpt":{"rendered":"<p>El Centre de Gesti\u00f3 del Campus de Sant Joan d&#8217;Alacant es va crear per acord de la Comissi\u00f3 Gestora de la Universitat, el 19 de gener de 1998, comen\u00e7ant el seu cam\u00ed Al Febrer d&#8217;eixe mateix any, mantenint com a principi de funcionament la descentralitzaci\u00f3 administrativa, i com a objectius, els d&#8217;autonomia de gesti\u00f3 en [&#8230;]<\/p>\n","protected":false},"author":119,"featured_media":0,"parent":0,"menu_order":20,"comment_status":"closed","ping_status":"closed","template":"","meta":{"ngg_post_thumbnail":0,"_links_to":"","_links_to_target":""},"_links":{"self":[{"href":"https:\/\/cegeca.umh.es\/ca\/wp-json\/wp\/v2\/pages\/5"}],"collection":[{"href":"https:\/\/cegeca.umh.es\/ca\/wp-json\/wp\/v2\/pages"}],"about":[{"href":"https:\/\/cegeca.umh.es\/ca\/wp-json\/wp\/v2\/types\/page"}],"author":[{"embeddable":true,"href":"https:\/\/cegeca.umh.es\/ca\/wp-json\/wp\/v2\/users\/119"}],"replies":[{"embeddable":true,"href":"https:\/\/cegeca.umh.es\/ca\/wp-json\/wp\/v2\/comments?post=5"}],"version-history":[{"count":0,"href":"https:\/\/cegeca.umh.es\/ca\/wp-json\/wp\/v2\/pages\/5\/revisions"}],"wp:attachment":[{"href":"https:\/\/cegeca.umh.es\/ca\/wp-json\/wp\/v2\/media?parent=5"}],"curies":[{"name":"wp","href":"https:\/\/api.w.org\/{rel}","templated":true}]}}