{"id":56,"date":"2011-04-14T13:18:27","date_gmt":"2011-04-14T11:18:27","guid":{"rendered":"http:\/\/cegeca.zeus.umh.es\/?page_id=56"},"modified":"2026-01-29T10:44:49","modified_gmt":"2026-01-29T09:44:49","slug":"contacto","status":"publish","type":"page","link":"https:\/\/cegeca.umh.es\/ca\/cgc-orihuela\/contacto\/","title":{"rendered":"Contacte CGC Orihuela"},"content":{"rendered":"<p><strong><span dir=\"auto\" style=\"vertical-align: inherit\"><span dir=\"auto\" style=\"vertical-align: inherit\">CAMPUS D&#8217;ORIOLA<\/span><\/span><\/strong><\/p>\n<p><span dir=\"auto\" style=\"vertical-align: inherit\"><span dir=\"auto\" style=\"vertical-align: inherit\">Carretera de Beniel, Km. 3,2 <\/span><\/span><br \/>\n<span dir=\"auto\" style=\"vertical-align: inherit\"><span dir=\"auto\" style=\"vertical-align: inherit\">ORIHUELA \u2013 03312Tel\u00e8fon: 96 6749601 <\/span><\/span><br \/>\n<span dir=\"auto\" style=\"vertical-align: inherit\"><span dir=\"auto\" style=\"vertical-align: inherit\">Fax: 96 6749619 <\/span><\/span><br \/>\n<span dir=\"auto\" style=\"vertical-align: inherit\"><span dir=\"auto\" style=\"vertical-align: inherit\">E-mail: <\/span><\/span><a href=\"mailto:cgc.ori@umh.es\"><span dir=\"auto\" style=\"vertical-align: inherit\"><span dir=\"auto\" style=\"vertical-align: inherit\">cgc.ori@umh.es <\/span><\/span><\/a><br \/>\n<a href=\"http:\/\/umh.es\/localizaciones\/?selT=unidad&amp;selI=9\" target=\"_blank\" rel=\"noopener noreferrer\"><span dir=\"auto\" style=\"vertical-align: inherit\"><span dir=\"auto\" style=\"vertical-align: inherit\">veure ubicaci\u00f3<\/span><\/span><\/a><\/p>\n<p><span dir=\"auto\" style=\"vertical-align: inherit\"><span dir=\"auto\" style=\"vertical-align: inherit\">Aquesta \u00e9s la p\u00e0gina habilitada perqu\u00e8 ens pugui fer arribar les vostres consultes, queixes o suggeriments.<\/span><\/span><\/p>\n<p><span dir=\"auto\" style=\"vertical-align: inherit\"><span dir=\"auto\" style=\"vertical-align: inherit\">Recordeu que els <\/span><\/span><strong><span dir=\"auto\" style=\"vertical-align: inherit\"><span dir=\"auto\" style=\"vertical-align: inherit\">camps marcats amb * s\u00f3n obligatoris<\/span><\/span><\/strong><span dir=\"auto\" style=\"vertical-align: inherit\"><span dir=\"auto\" style=\"vertical-align: inherit\"> .<\/span><\/span><\/p>\n<p><span dir=\"auto\" style=\"vertical-align: inherit\"><span dir=\"auto\" style=\"vertical-align: inherit\">Un cop emplenat el seg\u00fcent formulari premi a <\/span><\/span><strong><span dir=\"auto\" style=\"vertical-align: inherit\"><span dir=\"auto\" style=\"vertical-align: inherit\">Enviar<\/span><\/span><\/strong><span dir=\"auto\" style=\"vertical-align: inherit\"><span dir=\"auto\" style=\"vertical-align: inherit\"> .<\/span><\/span><\/p>\n<p><div role=\"form\" class=\"wpcf7\" id=\"wpcf7-f2378-o2\" lang=\"en-US\" dir=\"ltr\">\n<div class=\"screen-reader-response\"><p role=\"status\" aria-live=\"polite\" aria-atomic=\"true\"><\/p> <ul><\/ul><\/div>\n<form action=\"\/ca\/wp-json\/wp\/v2\/pages\/56#wpcf7-f2378-o2\" method=\"post\" class=\"wpcf7-form init\" novalidate=\"novalidate\" data-status=\"init\">\n<div style=\"display: none;\">\n<input type=\"hidden\" name=\"_wpcf7\" value=\"2378\" \/>\n<input type=\"hidden\" name=\"_wpcf7_version\" value=\"5.5.2\" \/>\n<input type=\"hidden\" name=\"_wpcf7_locale\" value=\"en_US\" \/>\n<input type=\"hidden\" name=\"_wpcf7_unit_tag\" value=\"wpcf7-f2378-o2\" \/>\n<input type=\"hidden\" name=\"_wpcf7_container_post\" value=\"0\" \/>\n<input type=\"hidden\" name=\"_wpcf7_posted_data_hash\" value=\"\" \/>\n<input type=\"hidden\" name=\"_wpcf7_recaptcha_response\" value=\"\" \/>\n<\/div>\n<table>\n<tr>\n<th colspan=\"2\">Contacto:<\/th>\n<\/tr>\n<p><!--<br \/>\n<tr>\n<th colspan=\"2\">(*) Campos requeridos<\/th>\n<\/tr>\n<p> --><\/p>\n<tr>\n<td>Apellidos, Nombre (*):<\/td>\n<td>\n    <span class=\"wpcf7-form-control-wrap nombre\"><input type=\"text\" name=\"nombre\" value=\"\" size=\"40\" class=\"wpcf7-form-control wpcf7-text wpcf7-validates-as-required\" aria-required=\"true\" aria-invalid=\"false\" \/><\/span> <\/td>\n<\/tr>\n<tr>\n<td>e-mail:<\/td>\n<td>\n    <span class=\"wpcf7-form-control-wrap correo\"><input type=\"email\" name=\"correo\" value=\"\" size=\"40\" class=\"wpcf7-form-control wpcf7-text wpcf7-email wpcf7-validates-as-email\" aria-invalid=\"false\" \/><\/span> <\/td>\n<\/tr>\n<tr>\n<td>Tipo:<\/td>\n<td>\n    <span class=\"wpcf7-form-control-wrap tipo\"><select name=\"tipo\" class=\"wpcf7-form-control wpcf7-select\" aria-invalid=\"false\"><option value=\"Consulta\">Consulta<\/option><option value=\"Queja\">Queja<\/option><option value=\"Sugerencia\">Sugerencia<\/option><\/select><\/span> <\/td>\n<\/tr>\n<tr>\n<td>Observaciones:<\/td>\n<td>\n    <span class=\"wpcf7-form-control-wrap mensaje\"><textarea name=\"mensaje\" cols=\"40\" rows=\"10\" class=\"wpcf7-form-control wpcf7-textarea\" aria-invalid=\"false\"><\/textarea><\/span> <\/td>\n<\/tr>\n<tr colspan=\"2\">\n<td  colspan=\"2\">\n<span class=\"wpcf7-form-control-wrap recaptcha\" data-name=\"recaptcha\"><span data-sitekey=\"6LeuwNIqAAAAADJJzruAdMdG26PHcgNP_SeG-JjN\" class=\"wpcf7-form-control g-recaptcha wpcf7-recaptcha\"><\/span>\r\n<noscript>\r\n\t<div class=\"grecaptcha-noscript\">\r\n\t\t<iframe src=\"https:\/\/www.google.com\/recaptcha\/api\/fallback?k=6LeuwNIqAAAAADJJzruAdMdG26PHcgNP_SeG-JjN\" frameborder=\"0\" scrolling=\"no\" width=\"310\" height=\"430\">\r\n\t\t<\/iframe>\r\n\t\t<textarea name=\"g-recaptcha-response\" rows=\"3\" cols=\"40\" placeholder=\"reCaptcha Response Here\">\r\n\t\t<\/textarea>\r\n\t<\/div>\r\n<\/noscript>\r\n<\/span>\n<\/td>\n<\/tr>\n<tr>\n<td colspan=\"2\"><input type=\"submit\" value=\"Enviar\" class=\"wpcf7-form-control has-spinner wpcf7-submit\" \/><\/td>\n<\/tr>\n<\/table>\n<div class=\"wpcf7-response-output\" aria-hidden=\"true\"><\/div><\/form><\/div><\/p>","protected":false},"excerpt":{"rendered":"<p>CAMPUS D&#8217;ORIOLA<br \/>\nCarretera de Beniel, Km. 3,2<br \/>\nORIHUELA \u2013 03312Tel\u00e8fon: 96 6749601<br \/>\nFax: 96 6749619<br \/>\nE-mail: cgc.ori@umh.es<br \/>\nveure ubicaci\u00f3<br \/>\nAquesta \u00e9s la p\u00e0gina habilitada perqu\u00e8 ens pugui fer arribar les vostres consultes, queixes o suggeriments.<br \/>\nRecordeu que els camps marcats amb * s\u00f3n obligatoris .<br \/>\nUn cop emplenat el seg\u00fcent formulari premi a Enviar .<\/p>\n<p>Contacto:<\/p>\n<p>Apellidos, Nombre (*):<\/p>\n<p>  [&#8230;]<\/p>\n","protected":false},"author":125,"featured_media":0,"parent":6,"menu_order":6,"comment_status":"closed","ping_status":"closed","template":"","meta":{"ngg_post_thumbnail":0,"_links_to":"","_links_to_target":""},"_links":{"self":[{"href":"https:\/\/cegeca.umh.es\/ca\/wp-json\/wp\/v2\/pages\/56"}],"collection":[{"href":"https:\/\/cegeca.umh.es\/ca\/wp-json\/wp\/v2\/pages"}],"about":[{"href":"https:\/\/cegeca.umh.es\/ca\/wp-json\/wp\/v2\/types\/page"}],"author":[{"embeddable":true,"href":"https:\/\/cegeca.umh.es\/ca\/wp-json\/wp\/v2\/users\/125"}],"replies":[{"embeddable":true,"href":"https:\/\/cegeca.umh.es\/ca\/wp-json\/wp\/v2\/comments?post=56"}],"version-history":[{"count":0,"href":"https:\/\/cegeca.umh.es\/ca\/wp-json\/wp\/v2\/pages\/56\/revisions"}],"up":[{"embeddable":true,"href":"https:\/\/cegeca.umh.es\/ca\/wp-json\/wp\/v2\/pages\/6"}],"wp:attachment":[{"href":"https:\/\/cegeca.umh.es\/ca\/wp-json\/wp\/v2\/media?parent=56"}],"curies":[{"name":"wp","href":"https:\/\/api.w.org\/{rel}","templated":true}]}}