{"id":3358,"date":"2022-09-23T12:49:38","date_gmt":"2022-09-23T10:49:38","guid":{"rendered":"https:\/\/cegeca.umh.es\/?page_id=3358"},"modified":"2026-03-24T09:49:33","modified_gmt":"2026-03-24T08:49:33","slug":"horario-cgc-de-elche","status":"publish","type":"page","link":"https:\/\/cegeca.umh.es\/en\/cgc-elche\/horario-cgc-de-elche\/","title":{"rendered":"<span lang=\"es\">(Espa\u00f1ol) Horario CGC de Elche<\/span>"},"content":{"rendered":"<p><strong><span style=\"color: #ff0000\">IMPORTANTE: La semana del 16 al 20 de diciembre no habr\u00e1 atenci\u00f3n al p\u00fablico en horario de tarde.<\/span><\/strong><\/p>\n<p>es]<a href=\"https:\/\/sede.umh.es\/procedimientos\/cita-previa-en-el-cegeca\/\" target=\"_blank\" rel=\"noopener\"><img loading=\"lazy\" class=\"alignnone wp-image-3364 size-large\" src=\"https:\/\/cegeca.umh.es\/files\/2022\/09\/CARTEL-horario-cegeca-ELCHE-1024x724.jpg\" alt=\"\" width=\"1024\" height=\"724\" srcset=\"https:\/\/cegeca.umh.es\/files\/2022\/09\/CARTEL-horario-cegeca-ELCHE-1024x724.jpg 1024w, https:\/\/cegeca.umh.es\/files\/2022\/09\/CARTEL-horario-cegeca-ELCHE-300x212.jpg 300w, https:\/\/cegeca.umh.es\/files\/2022\/09\/CARTEL-horario-cegeca-ELCHE-768x543.jpg 768w, https:\/\/cegeca.umh.es\/files\/2022\/09\/CARTEL-horario-cegeca-ELCHE-1536x1086.jpg 1536w, https:\/\/cegeca.umh.es\/files\/2022\/09\/CARTEL-horario-cegeca-ELCHE-2048x1448.jpg 2048w\" sizes=\"(max-width: 1024px) 100vw, 1024px\" \/><\/a><\/p>\n<p><a href=\"https:\/\/cegeca.umh.es\/files\/2022\/09\/CARTEL-horario-cegeca-ELCHE.pdf\">CARTEL horario cegeca ELCHE<\/a><\/p>","protected":false},"excerpt":{"rendered":"<p>IMPORTANTE: La semana del 16 al 20 de diciembre no habr\u00e1 atenci\u00f3n al p\u00fablico en horario de tarde.<br \/>\nes]<br \/>\nCARTEL horario cegeca ELCHE<\/p>\n","protected":false},"author":140,"featured_media":0,"parent":3,"menu_order":4,"comment_status":"closed","ping_status":"closed","template":"","meta":{"ngg_post_thumbnail":0,"_links_to":"","_links_to_target":""},"_links":{"self":[{"href":"https:\/\/cegeca.umh.es\/en\/wp-json\/wp\/v2\/pages\/3358"}],"collection":[{"href":"https:\/\/cegeca.umh.es\/en\/wp-json\/wp\/v2\/pages"}],"about":[{"href":"https:\/\/cegeca.umh.es\/en\/wp-json\/wp\/v2\/types\/page"}],"author":[{"embeddable":true,"href":"https:\/\/cegeca.umh.es\/en\/wp-json\/wp\/v2\/users\/140"}],"replies":[{"embeddable":true,"href":"https:\/\/cegeca.umh.es\/en\/wp-json\/wp\/v2\/comments?post=3358"}],"version-history":[{"count":0,"href":"https:\/\/cegeca.umh.es\/en\/wp-json\/wp\/v2\/pages\/3358\/revisions"}],"up":[{"embeddable":true,"href":"https:\/\/cegeca.umh.es\/en\/wp-json\/wp\/v2\/pages\/3"}],"wp:attachment":[{"href":"https:\/\/cegeca.umh.es\/en\/wp-json\/wp\/v2\/media?parent=3358"}],"curies":[{"name":"wp","href":"https:\/\/api.w.org\/{rel}","templated":true}]}}