{"id":47,"date":"2011-04-14T13:15:16","date_gmt":"2011-04-14T11:15:16","guid":{"rendered":"http:\/\/cegeca.zeus.umh.es\/?page_id=47"},"modified":"2026-03-03T13:14:05","modified_gmt":"2026-03-03T12:14:05","slug":"directorio","status":"publish","type":"page","link":"https:\/\/cegeca.umh.es\/en\/cgc-orihuela\/directorio\/","title":{"rendered":"Directory CGC Orihuela"},"content":{"rendered":"<p><\/p>\n<div id=\"directory__9\">\n<div id=\"directorio_47_9\" style=\"margin-top: 40px\">\n<h2 style=\"text-align: center\"><strong><span dir=\"auto\" style=\"vertical-align: inherit\"><span dir=\"auto\" style=\"vertical-align: inherit\">Customer Service Telephone<\/span><\/span><\/strong><\/h2>\n<h2 style=\"text-align: center\"><strong><span dir=\"auto\" style=\"vertical-align: inherit\"><span dir=\"auto\" style=\"vertical-align: inherit\">Desamparados Headquarters +34 96 674 9680<\/span><\/span><\/strong><\/h2>\n<h2 style=\"text-align: center\"><strong><span dir=\"auto\" style=\"vertical-align: inherit\"><span dir=\"auto\" style=\"vertical-align: inherit\">Salesas Headquarters +34 96 674 9833<\/span><\/span><\/strong><\/h2>\n<h2 style=\"text-align: center\"><span dir=\"auto\" style=\"vertical-align: inherit\"><span dir=\"auto\" style=\"vertical-align: inherit\">E-mail: &nbsp; <\/span><\/span><a href=\"mailto:cgc.ori@umh.es\"><strong><span dir=\"auto\" style=\"vertical-align: inherit\"><span dir=\"auto\" style=\"vertical-align: inherit\">cgc.ori@umh.es<\/span><\/span><\/strong><\/a><\/h2>\n<p><strong>&nbsp;<\/strong><\/p>\n<p><strong><em><span dir=\"auto\" style=\"vertical-align: inherit\"><span dir=\"auto\" style=\"vertical-align: inherit\">Campus Management Center<\/span><\/span><\/em><\/strong><\/p>\n<p>&nbsp;<\/p>\n<p><strong><span dir=\"auto\" style=\"vertical-align: inherit\"><span dir=\"auto\" style=\"vertical-align: inherit\">DESAMPARADOS HEADQUARTERS<\/span><\/span><\/strong><\/p>\n<p><strong><em><span dir=\"auto\" style=\"vertical-align: inherit\"><span dir=\"auto\" style=\"vertical-align: inherit\">Academic Management<\/span><\/span><\/em><\/strong><\/p>\n<ul>\n<li><span dir=\"auto\" style=\"vertical-align: inherit\"><span dir=\"auto\" style=\"vertical-align: inherit\">Rodr\u00edguez Carmona Jos\u00e9 Luis (responsible) \u2013 email: <\/span><\/span><a href=\"mailto:jl.rodriguez@umh.es\"><strong><span dir=\"auto\" style=\"vertical-align: inherit\"><span dir=\"auto\" style=\"vertical-align: inherit\">jl.rodriguez@umh.es<\/span><\/span><\/strong><\/a><span dir=\"auto\" style=\"vertical-align: inherit\"><span dir=\"auto\" style=\"vertical-align: inherit\"> \u2013 Telephone: 96 674 9682<\/span><\/span><\/li>\n<li><span dir=\"auto\" style=\"vertical-align: inherit\"><span dir=\"auto\" style=\"vertical-align: inherit\">Miralles Trigueros, Asunci\u00f3n \u2013 email: <\/span><\/span><a href=\"mailto:asuncion.miralles@umh.es\"><strong><span dir=\"auto\" style=\"vertical-align: inherit\"><span dir=\"auto\" style=\"vertical-align: inherit\">asuncion.miralles@umh.es<\/span><\/span><\/strong><\/a><span dir=\"auto\" style=\"vertical-align: inherit\"><span dir=\"auto\" style=\"vertical-align: inherit\"> \u2013 Telephone: 96 674 9680<\/span><\/span><\/li>\n<\/ul>\n<p><strong><em><span dir=\"auto\" style=\"vertical-align: inherit\"><span dir=\"auto\" style=\"vertical-align: inherit\">Economic Management<\/span><\/span><\/em><\/strong><\/p>\n<ul>\n<li><span dir=\"auto\" style=\"vertical-align: inherit\"><span dir=\"auto\" style=\"vertical-align: inherit\">Aguilar Ruiz, Mar\u00eda Cecilia \u2013 email:&nbsp; <\/span><\/span><a href=\"mailto:c.aguilar@umh.es\"><strong><span dir=\"auto\" style=\"vertical-align: inherit\"><span dir=\"auto\" style=\"vertical-align: inherit\">c.aguilar@umh.es<\/span><\/span><\/strong><\/a><span dir=\"auto\" style=\"vertical-align: inherit\"><span dir=\"auto\" style=\"vertical-align: inherit\"> &nbsp;\u2013 Telephone: 96 674 9758<\/span><\/span><\/li>\n<li><span dir=\"auto\" style=\"vertical-align: inherit\"><span dir=\"auto\" style=\"vertical-align: inherit\">Castro Chauvin, Matilde \u2013 email: <\/span><\/span><a href=\"mailto:matilde.castro@umh.es\"><span dir=\"auto\" style=\"vertical-align: inherit\"><span dir=\"auto\" style=\"vertical-align: inherit\">matilde.castro@umh.es<\/span><\/span><\/a><span dir=\"auto\" style=\"vertical-align: inherit\"><span dir=\"auto\" style=\"vertical-align: inherit\"> \u2013 Telephone: 96 674 9676<\/span><\/span><\/li>\n<li><span dir=\"auto\" style=\"vertical-align: inherit\"><span dir=\"auto\" style=\"vertical-align: inherit\">Serrano Moll, Mar\u00eda \u00c1ngeles \u2013 email: <\/span><\/span><a href=\"mailto:maria.serranom@umh.es\"><span dir=\"auto\" style=\"vertical-align: inherit\"><span dir=\"auto\" style=\"vertical-align: inherit\">maria.serranom@umh.es<\/span><\/span><\/a><span dir=\"auto\" style=\"vertical-align: inherit\"><span dir=\"auto\" style=\"vertical-align: inherit\"> \u2013 Telephone: 96 674 9745<\/span><\/span><\/li>\n<\/ul>\n<p><strong><span dir=\"auto\" style=\"vertical-align: inherit\"><span dir=\"auto\" style=\"vertical-align: inherit\">SALESAS HEADQUARTERS<\/span><\/span><\/strong><\/p>\n<p><strong><em><span dir=\"auto\" style=\"vertical-align: inherit\"><span dir=\"auto\" style=\"vertical-align: inherit\">Academic Management<\/span><\/span><\/em><\/strong><\/p>\n<ul>\n<li><span dir=\"auto\" style=\"vertical-align: inherit\"><span dir=\"auto\" style=\"vertical-align: inherit\">Morga P\u00e9rez, Paloma (responsible) \u2013 email: <\/span><\/span><a href=\"mailto:paloma.morga@umh.es\"><strong><span dir=\"auto\" style=\"vertical-align: inherit\"><span dir=\"auto\" style=\"vertical-align: inherit\">paloma.morga@umh.es<\/span><\/span><\/strong><\/a><span dir=\"auto\" style=\"vertical-align: inherit\"><span dir=\"auto\" style=\"vertical-align: inherit\"> \u2013 Telephone: 96 674 9825<\/span><\/span><\/li>\n<li><span dir=\"auto\" style=\"vertical-align: inherit\"><span dir=\"auto\" style=\"vertical-align: inherit\">Lorente M\u00e9ndez, Ascensi\u00f3n de los \u00c1ngeles \u2013 email:&nbsp; <\/span><\/span><a href=\"mailto:ascension.lorente@umh.es\"><strong><span dir=\"auto\" style=\"vertical-align: inherit\"><span dir=\"auto\" style=\"vertical-align: inherit\">ascension.lorente@umh.es<\/span><\/span><\/strong><\/a><span dir=\"auto\" style=\"vertical-align: inherit\"><span dir=\"auto\" style=\"vertical-align: inherit\"> &nbsp;\u2013 Telephone: 96 674 9833<\/span><\/span><\/li>\n<li><span dir=\"auto\" style=\"vertical-align: inherit\"><span dir=\"auto\" style=\"vertical-align: inherit\">Perales Costa, Francisco \u2013 email: <\/span><\/span><a href=\"mailto:%20fco.perales@umh.es\"><strong><span dir=\"auto\" style=\"vertical-align: inherit\"><span dir=\"auto\" style=\"vertical-align: inherit\">fco.perales@umh.es<\/span><\/span><\/strong><\/a><span dir=\"auto\" style=\"vertical-align: inherit\"><span dir=\"auto\" style=\"vertical-align: inherit\"> \u2013 Telephone: 96 674 9826<\/span><\/span><\/li>\n<\/ul>\n<p><strong><em>&nbsp;<\/em><\/strong><strong><span dir=\"auto\" style=\"vertical-align: inherit\"><span dir=\"auto\" style=\"vertical-align: inherit\">Faculties and Schools<\/span><\/span><\/strong><\/p>\n<ul>\n<li><strong><em><span dir=\"auto\" style=\"vertical-align: inherit\"><span dir=\"auto\" style=\"vertical-align: inherit\">Higher Polytechnic School of Orihuela<\/span><\/span><\/em><\/strong>\n<ul>\n<li><span dir=\"auto\" style=\"vertical-align: inherit\"><span dir=\"auto\" style=\"vertical-align: inherit\">Mateo Cabello, Mar\u00eda Reyes \u2013 email: <\/span><\/span><a href=\"mailto:c.aguilar@umh.es\"><strong><span dir=\"auto\" style=\"vertical-align: inherit\"><span dir=\"auto\" style=\"vertical-align: inherit\">mr.mateo@umh.es<\/span><\/span><\/strong><\/a><span dir=\"auto\" style=\"vertical-align: inherit\"><span dir=\"auto\" style=\"vertical-align: inherit\"> \u2013 Telephone: 96 674 9807<\/span><\/span><\/li>\n<\/ul>\n<\/li>\n<li><em><strong><span dir=\"auto\" style=\"vertical-align: inherit\"><span dir=\"auto\" style=\"vertical-align: inherit\">Faculty of Social and Legal Sciences<\/span><\/span><\/strong><\/em>\n<ul>\n<li><span dir=\"auto\" style=\"vertical-align: inherit\"><span dir=\"auto\" style=\"vertical-align: inherit\">Morga P\u00e9rez, Paloma (responsible) \u2013 email: <\/span><\/span><a href=\"mailto:paloma.morga@umh.es\"><strong><span dir=\"auto\" style=\"vertical-align: inherit\"><span dir=\"auto\" style=\"vertical-align: inherit\">paloma.morga@umh.es<\/span><\/span><\/strong><\/a><span dir=\"auto\" style=\"vertical-align: inherit\"><span dir=\"auto\" style=\"vertical-align: inherit\"> \u2013 Telephone: 96 674 9825<\/span><\/span><\/li>\n<li><span dir=\"auto\" style=\"vertical-align: inherit\"><span dir=\"auto\" style=\"vertical-align: inherit\">Lorente M\u00e9ndez, Ascensi\u00f3n de los \u00c1ngeles \u2013 email:&nbsp; <\/span><\/span><a href=\"mailto:ascension.lorente@umh.es\"><strong><span dir=\"auto\" style=\"vertical-align: inherit\"><span dir=\"auto\" style=\"vertical-align: inherit\">ascension.lorente@umh.es<\/span><\/span><\/strong><\/a><span dir=\"auto\" style=\"vertical-align: inherit\"><span dir=\"auto\" style=\"vertical-align: inherit\"> &nbsp;\u2013 Telephone: 96 674 9833<\/span><\/span><\/li>\n<li><span dir=\"auto\" style=\"vertical-align: inherit\"><span dir=\"auto\" style=\"vertical-align: inherit\">Perales Costa, Francisco \u2013 email: <\/span><\/span><a href=\"mailto:%20fco.perales@umh.es\"><strong><span dir=\"auto\" style=\"vertical-align: inherit\"><span dir=\"auto\" style=\"vertical-align: inherit\">fco.perales@umh.es<\/span><\/span><\/strong><\/a><span dir=\"auto\" style=\"vertical-align: inherit\"><span dir=\"auto\" style=\"vertical-align: inherit\"> \u2013 Telephone: 96 674 9826<\/span><\/span><\/li>\n<\/ul>\n<\/li>\n<\/ul>\n<p><strong><span dir=\"auto\" style=\"vertical-align: inherit\"><span dir=\"auto\" style=\"vertical-align: inherit\">Departments<\/span><\/span><\/strong><\/p>\n<ul>\n<li><strong><em><span dir=\"auto\" style=\"vertical-align: inherit\"><span dir=\"auto\" style=\"vertical-align: inherit\">Agro-environmental Economics, Cartographic Engineering and Graphic Expression of Engineering<\/span><\/span><\/em><\/strong>\n<ul>\n<li><span dir=\"auto\" style=\"vertical-align: inherit\"><span dir=\"auto\" style=\"vertical-align: inherit\">Alejandro Lillo S\u00e1nchez \u2013 email: <\/span><a href=\"mailto:alejandro.lillos@umh.es\"><span class=\"marcaTxtBusc\"><span dir=\"auto\" style=\"vertical-align: inherit\">alejandro.lillo <\/span><\/span><\/a><\/span><a href=\"mailto:alejandro.lillos@umh.es\"><span class=\"limpia\"><span dir=\"auto\" style=\"vertical-align: inherit\"><span dir=\"auto\" style=\"vertical-align: inherit\">s<\/span><\/span><\/span><span dir=\"auto\" style=\"vertical-align: inherit\"><span dir=\"auto\" style=\"vertical-align: inherit\"> @ <\/span><span dir=\"auto\" style=\"vertical-align: inherit\">u <\/span><span class=\"limpia\"><span dir=\"auto\" style=\"vertical-align: inherit\">mh.es<\/span><\/span><span dir=\"auto\" style=\"vertical-align: inherit\"> \u2013<\/span><\/span><\/a><span dir=\"auto\" style=\"vertical-align: inherit\"><span dir=\"auto\" style=\"vertical-align: inherit\"> &nbsp;Telephone: 96 674 <\/span><a href=\"mailto:alejandro.lillos@umh.es\"><span class=\"limpia\"><span dir=\"auto\" style=\"vertical-align: inherit\">9746<\/span><\/span><\/a><\/span><\/li>\n<\/ul>\n<\/li>\n<\/ul>\n<ul>\n<li><strong><em><span dir=\"auto\" style=\"vertical-align: inherit\"><span dir=\"auto\" style=\"vertical-align: inherit\">Engineering<\/span><\/span><\/em><\/strong>\n<ul>\n<li><span dir=\"auto\" style=\"vertical-align: inherit\"><span dir=\"auto\" style=\"vertical-align: inherit\">Alejandro Lillo S\u00e1nchez \u2013 email: <\/span><a href=\"mailto:alejandro.lillos@umh.es\"><span class=\"marcaTxtBusc\"><span dir=\"auto\" style=\"vertical-align: inherit\">alejandro.lillo <\/span><\/span><\/a><\/span><a href=\"mailto:alejandro.lillos@umh.es\"><span class=\"limpia\"><span dir=\"auto\" style=\"vertical-align: inherit\"><span dir=\"auto\" style=\"vertical-align: inherit\">s<\/span><\/span><\/span><span dir=\"auto\" style=\"vertical-align: inherit\"><span dir=\"auto\" style=\"vertical-align: inherit\"> @ <\/span><span dir=\"auto\" style=\"vertical-align: inherit\">u <\/span><span class=\"limpia\"><span dir=\"auto\" style=\"vertical-align: inherit\">mh.es<\/span><\/span><span dir=\"auto\" style=\"vertical-align: inherit\"> \u2013<\/span><\/span><\/a><span dir=\"auto\" style=\"vertical-align: inherit\"><span dir=\"auto\" style=\"vertical-align: inherit\"> &nbsp;Telephone: 96 674 <\/span><a href=\"mailto:alejandro.lillos@umh.es\"><span class=\"limpia\"><span dir=\"auto\" style=\"vertical-align: inherit\">9746<\/span><\/span><\/a><\/span><\/li>\n<\/ul>\n<\/li>\n<li>&nbsp;<strong><em><span dir=\"auto\" style=\"vertical-align: inherit\"><span dir=\"auto\" style=\"vertical-align: inherit\">Plant Production and Microbiology<\/span><\/span><\/em><\/strong>\n<ul>\n<li><span dir=\"auto\" style=\"vertical-align: inherit\"><span dir=\"auto\" style=\"vertical-align: inherit\">Torregrosa Pi\u00f1ero, Mar\u00eda Dolores \u2013 email: <\/span><\/span><a href=\"mailto:md.torregrosa@umh.es\"><strong><span dir=\"auto\" style=\"vertical-align: inherit\"><span dir=\"auto\" style=\"vertical-align: inherit\">md.torregrosa@umh.es<\/span><\/span><\/strong><\/a><span dir=\"auto\" style=\"vertical-align: inherit\"><span dir=\"auto\" style=\"vertical-align: inherit\"> \u2013 Telephone: 96 674 9701<\/span><\/span><\/li>\n<\/ul>\n<\/li>\n<li><strong><em><span dir=\"auto\" style=\"vertical-align: inherit\"><span dir=\"auto\" style=\"vertical-align: inherit\">Agri-food Technology<\/span><\/span><\/em><\/strong>\n<ul>\n<li><span dir=\"auto\" style=\"vertical-align: inherit\"><span dir=\"auto\" style=\"vertical-align: inherit\">Alejandro Lillo S\u00e1nchez \u2013 email: <\/span><a href=\"mailto:alejandro.lillos@umh.es\"><span class=\"marcaTxtBusc\"><span dir=\"auto\" style=\"vertical-align: inherit\">alejandro.lillo <\/span><\/span><\/a><\/span><a href=\"mailto:alejandro.lillos@umh.es\"><span class=\"limpia\"><span dir=\"auto\" style=\"vertical-align: inherit\"><span dir=\"auto\" style=\"vertical-align: inherit\">s<\/span><\/span><\/span><span dir=\"auto\" style=\"vertical-align: inherit\"><span dir=\"auto\" style=\"vertical-align: inherit\"> @ <\/span><span dir=\"auto\" style=\"vertical-align: inherit\">u <\/span><span class=\"limpia\"><span dir=\"auto\" style=\"vertical-align: inherit\">mh.es<\/span><\/span><span dir=\"auto\" style=\"vertical-align: inherit\"> \u2013<\/span><\/span><\/a><span dir=\"auto\" style=\"vertical-align: inherit\"><span dir=\"auto\" style=\"vertical-align: inherit\"> &nbsp;Telephone: 96 674 <\/span><a href=\"mailto:alejandro.lillos@umh.es\"><span class=\"limpia\"><span dir=\"auto\" style=\"vertical-align: inherit\">9746<\/span><\/span><\/a><\/span><\/li>\n<\/ul>\n<\/li>\n<\/ul>\n<p><strong><span dir=\"auto\" style=\"vertical-align: inherit\"><span dir=\"auto\" style=\"vertical-align: inherit\">Institutes<\/span><\/span><\/strong><\/p>\n<ul>\n<li><strong><em><span dir=\"auto\" style=\"vertical-align: inherit\"><span dir=\"auto\" style=\"vertical-align: inherit\">University Institute for Research and Innovation in Agri-food and Agro-environmental<\/span><\/span><\/em><\/strong>\n<ul>\n<li><span dir=\"auto\" style=\"vertical-align: inherit\"><span dir=\"auto\" style=\"vertical-align: inherit\">Alarc\u00f3n Pardo, Pedro Jos\u00e9 \u2013 email:&nbsp; <\/span><\/span><a href=\"mailto:palarcon@umh.es\"><span dir=\"auto\" style=\"vertical-align: inherit\"><span dir=\"auto\" style=\"vertical-align: inherit\">palarcon@umh.es<\/span><\/span><\/a><span dir=\"auto\" style=\"vertical-align: inherit\"><span dir=\"auto\" style=\"vertical-align: inherit\"> \u2013 Telephone: 96 674 9618<\/span><\/span><\/li>\n<li><span dir=\"auto\" style=\"vertical-align: inherit\"><span dir=\"auto\" style=\"vertical-align: inherit\">Aparicio Villanueva, Mar\u00eda Jes\u00fas (responsible) \u2013 email: <\/span><\/span><a href=\"mailto:m.aparicio@umh.es\"><span dir=\"auto\" style=\"vertical-align: inherit\"><span dir=\"auto\" style=\"vertical-align: inherit\">m.aparicio@umh.es<\/span><\/span><\/a><span dir=\"auto\" style=\"vertical-align: inherit\"><span dir=\"auto\" style=\"vertical-align: inherit\"> \u2013 Telephone: 96 674 9602<\/span><\/span><\/li>\n<li><span dir=\"auto\" style=\"vertical-align: inherit\"><span dir=\"auto\" style=\"vertical-align: inherit\">Garc\u00eda L\u00f3pez, Mar\u00eda Regina \u2013 email:&nbsp; <\/span><\/span><a href=\"mailto:maria.garcia@umh.es\"><span dir=\"auto\" style=\"vertical-align: inherit\"><span dir=\"auto\" style=\"vertical-align: inherit\">maria.garcia@umh.es<\/span><\/span><\/a><span dir=\"auto\" style=\"vertical-align: inherit\"><span dir=\"auto\" style=\"vertical-align: inherit\"> \u2013 Telephone: 96 674 9619<\/span><\/span><\/li>\n<li><span dir=\"auto\" style=\"vertical-align: inherit\"><span dir=\"auto\" style=\"vertical-align: inherit\">Gonz\u00e1lez Mart\u00ednez, Mar\u00eda Elva \u2013 email: <\/span><\/span><a href=\"mailto:m.gonzalezm@umh.es\"><span dir=\"auto\" style=\"vertical-align: inherit\"><span dir=\"auto\" style=\"vertical-align: inherit\">m.gonzalezm@umh.es<\/span><\/span><\/a><span dir=\"auto\" style=\"vertical-align: inherit\"><span dir=\"auto\" style=\"vertical-align: inherit\"> \u2013 Telephone: 96 674 9624&nbsp;<\/span><\/span><\/li>\n<li><span dir=\"auto\" style=\"vertical-align: inherit\"><span dir=\"auto\" style=\"vertical-align: inherit\">P\u00e9rez Mart\u00ednez, Elena \u2013 email: <\/span><\/span><a href=\"mailto:e.perezm@umh.es\"><span dir=\"auto\" style=\"vertical-align: inherit\"><span dir=\"auto\" style=\"vertical-align: inherit\">e.perezm@umh.es<\/span><\/span><\/a><span dir=\"auto\" style=\"vertical-align: inherit\"><span dir=\"auto\" style=\"vertical-align: inherit\"> &#8211; Telephone: 96 674 9677<\/span><\/span><\/li>\n<\/ul>\n<\/li>\n<\/ul>\n<p>&nbsp;<\/p>\n<\/div>\n<\/div>\n<p><!--more--><\/p>","protected":false},"excerpt":{"rendered":"<p>Customer Service Telephone<br \/>\nDesamparados Headquarters +34 96 674 9680<br \/>\nSalesas Headquarters +34 96 674 9833<br \/>\nE-mail: &nbsp; cgc.ori@umh.es<br \/>\n&nbsp;<br \/>\nCampus Management Center<br \/>\n&nbsp;<br \/>\nDESAMPARADOS HEADQUARTERS<br \/>\nAcademic Management<\/p>\n<p>Rodr\u00edguez Carmona Jos\u00e9 Luis (responsible) \u2013 email: jl.rodriguez@umh.es \u2013 Telephone: 96 674 9682<br \/>\nMiralles Trigueros, Asunci\u00f3n \u2013 email: asuncion.miralles@umh.es \u2013 Telephone: 96 674 9680<\/p>\n<p>Economic Management<\/p>\n<p>Aguilar Ruiz, Mar\u00eda Cecilia \u2013 email:&nbsp; c.aguilar@umh.es &nbsp;\u2013 Telephone: 96 674 9758<br \/>\nCastro Chauvin, Matilde [&#8230;]<\/p>\n","protected":false},"author":125,"featured_media":0,"parent":6,"menu_order":7,"comment_status":"closed","ping_status":"closed","template":"","meta":{"ngg_post_thumbnail":0,"_links_to":"","_links_to_target":""},"_links":{"self":[{"href":"https:\/\/cegeca.umh.es\/en\/wp-json\/wp\/v2\/pages\/47"}],"collection":[{"href":"https:\/\/cegeca.umh.es\/en\/wp-json\/wp\/v2\/pages"}],"about":[{"href":"https:\/\/cegeca.umh.es\/en\/wp-json\/wp\/v2\/types\/page"}],"author":[{"embeddable":true,"href":"https:\/\/cegeca.umh.es\/en\/wp-json\/wp\/v2\/users\/125"}],"replies":[{"embeddable":true,"href":"https:\/\/cegeca.umh.es\/en\/wp-json\/wp\/v2\/comments?post=47"}],"version-history":[{"count":0,"href":"https:\/\/cegeca.umh.es\/en\/wp-json\/wp\/v2\/pages\/47\/revisions"}],"up":[{"embeddable":true,"href":"https:\/\/cegeca.umh.es\/en\/wp-json\/wp\/v2\/pages\/6"}],"wp:attachment":[{"href":"https:\/\/cegeca.umh.es\/en\/wp-json\/wp\/v2\/media?parent=47"}],"curies":[{"name":"wp","href":"https:\/\/api.w.org\/{rel}","templated":true}]}}